{"id":13,"date":"2008-07-03T08:45:29","date_gmt":"2008-07-03T06:45:29","guid":{"rendered":"http:\/\/agitationfree.com\/?page_id=13"},"modified":"2016-04-19T19:48:12","modified_gmt":"2016-04-19T17:48:12","slug":"lutz-luul-ulbrich","status":"publish","type":"page","link":"https:\/\/agitationfree.com\/en\/musiker\/lutz-luul-ulbrich\/","title":{"rendered":"Lutz &#8220;L\u00fc\u00fcl&#8221; Graf-Ulbrich"},"content":{"rendered":"<p>At the age of 16 Lutz Graf-Ulbrich aka L\u00fc\u00fcl  founds the Berlin cult band Agitation Free together with Christoph Franke, Michael &#8220;Fame&#8221; G\u00fcnther and Lutz &#8220;Ludwig&#8221; Kramer.<\/p>\n<p><a href=\"http:\/\/agitationfree.com\/wp-content\/uploads\/2008\/07\/luul_af_japan_600.jpg\"><img decoding=\"async\" class=\"alignleft wp-image-18\" title=\"L\u00fc\u00fcl - Japan\" src=\"http:\/\/agitationfree.com\/wp-content\/uploads\/2008\/07\/luul_af_japan_225.jpg\" alt=\"L\u00fc\u00fcl in Japan\" width=\"250\" height=\"166\" srcset=\"https:\/\/agitationfree.com\/wp-content\/uploads\/2008\/07\/luul_af_japan_225.jpg 225w, https:\/\/agitationfree.com\/wp-content\/uploads\/2008\/07\/luul_af_japan_225-180x120.jpg 180w\" sizes=\"(max-width: 250px) 100vw, 250px\" \/><\/a>Supervised by avantgarde composer Thomas Kessler they work at the Beatstudio and create \u2013 together with Tangerine Dream and Ash Ra Tempel \u2013 a new style of music, later known as <em>Berliner Schule<\/em>. With this band he records 3 albums all in all and tours Near East just after graduating spreading German progrock internationally.<\/p>\n<p>After the band split in 1974 he joins Ash Ra Tempel to produce further albums and play concerts in Europe. In between he also tours and lives with Ex-Velvet Underground singer and Warhol superstar Nico who has a big impact on his life. They tour in Europe and the States playing a legendary concert at the GBGB`s together with John Cale.<\/p>\n<p>Back in Germany he starts as solo artist with <em>Morgens in der U-Bahn<\/em> as his biggest hit. He also works as composer and performer with Rocktheater Reineke Fuchs winning the Senatsrockwettbewerb and also participates in the award winning documentary <em>Nico-Icon<\/em>.<\/p>\n<p>Since 1995 he is member of 17 Hippies, a Berlin based folkband who excites listeners of any age. With their very unique style they succeeded to gain cult status, not least with their performance in Andreas Dresens award winning movie <em>Grill Point<\/em>, for which they also composed the soundtrack. Even a worldrecord playing 17 concerts with 17 Hippies within one day is listed in Ulbrichs credits.<\/p>\n<p>Besides his on going work with 17 Hippies he produces further solo albums. His cd <em>Damenbesuch<\/em> gets the award of Deutsche Schallplattenkritik. In 2006 he releases his autobiography <em>L\u00fc\u00fcl- ein Musikerleben<\/em> together with cd <em>Zeitreise<\/em>.<\/p>\n<p>Last year is a reunion with Agitation Free for some concerts in Japan. Group member Michael Hoenig and Lutz Ulbrich are exhibited in the Tokyo Tower Wax Museum within 216 personalities of history and Showbiz. A new designed and mastered backcatalogue of the band follows in 2008.<\/p>\n<p>In between L\u00fc\u00fcl always finds time to tour with his own band, promoting his last cd <em>Spielmann<\/em>, but center of his musical life are 17 Hippies. Meanwhile they have become global players and perform worldwide with big success.<\/p>","protected":false},"excerpt":{"rendered":"<p>At the age of 16 Lutz Graf-Ulbrich aka L\u00fc\u00fcl founds the Berlin cult band Agitation Free together with Christoph Franke, Michael &#8220;Fame&#8221; G\u00fcnther and Lutz &#8220;Ludwig&#8221; Kramer. Supervised by avantgarde composer Thomas Kessler they work at the Beatstudio and create \u2013 together with Tangerine Dream and Ash Ra Tempel \u2013 a new style of music, [&hellip;]<\/p>\n","protected":false},"author":3,"featured_media":0,"parent":10,"menu_order":29,"comment_status":"open","ping_status":"open","template":"","meta":{"footnotes":""},"class_list":["post-13","page","type-page","status-publish","hentry"],"_links":{"self":[{"href":"https:\/\/agitationfree.com\/en\/wp-json\/wp\/v2\/pages\/13","targetHints":{"allow":["GET"]}}],"collection":[{"href":"https:\/\/agitationfree.com\/en\/wp-json\/wp\/v2\/pages"}],"about":[{"href":"https:\/\/agitationfree.com\/en\/wp-json\/wp\/v2\/types\/page"}],"author":[{"embeddable":true,"href":"https:\/\/agitationfree.com\/en\/wp-json\/wp\/v2\/users\/3"}],"replies":[{"embeddable":true,"href":"https:\/\/agitationfree.com\/en\/wp-json\/wp\/v2\/comments?post=13"}],"version-history":[{"count":8,"href":"https:\/\/agitationfree.com\/en\/wp-json\/wp\/v2\/pages\/13\/revisions"}],"predecessor-version":[{"id":852,"href":"https:\/\/agitationfree.com\/en\/wp-json\/wp\/v2\/pages\/13\/revisions\/852"}],"up":[{"embeddable":true,"href":"https:\/\/agitationfree.com\/en\/wp-json\/wp\/v2\/pages\/10"}],"wp:attachment":[{"href":"https:\/\/agitationfree.com\/en\/wp-json\/wp\/v2\/media?parent=13"}],"curies":[{"name":"wp","href":"https:\/\/api.w.org\/{rel}","templated":true}]}}