{"id":214,"date":"2008-07-31T12:49:24","date_gmt":"2008-07-31T10:49:24","guid":{"rendered":"http:\/\/agitationfree.com\/?page_id=214&#038;langswitch_lang=en"},"modified":"2016-04-19T19:54:24","modified_gmt":"2016-04-19T17:54:24","slug":"credits","status":"publish","type":"page","link":"https:\/\/agitationfree.com\/en\/musiker\/burghard-rausch\/credits\/","title":{"rendered":"Credits &#8211; Burghard Rausch"},"content":{"rendered":"<p><strong>Discography<\/strong><\/p>\n<ul>\n<li>Agitation Free: MALESCH (1972)<\/li>\n<li>Agitation Free: SECOND (1973)<\/li>\n<li>Agitation Free: LAST (1974)<\/li>\n<li>Agitation Free: FRAGMENTS (1996)<\/li>\n<li>Agitation Free: AT THE CLIFFS OF RIVER RHINE (1998)<\/li>\n<li>Agitation Free: THE OTHER SIDE OF AGITATION FREE (1999)<\/li>\n<li>Agitation Free: RIVER OF RETURN (1999)<\/li>\n<li>Bel Ami: BERLIN BEI NACHT (1979)<\/li>\n<li>Bel Ami: LIVE (EP) (1980)<\/li>\n<li>Bel Ami: GRO\u00dfSTADTMELODIE (1981)<\/li>\n<li>Bel Ami: SOWEIT DIE F\u00dc\u00dfE TRAGEN (1984)<\/li>\n<li>Electric Family: ICE CREAM PHOENIX (2003)<\/li>\n<li>Electric Family: ROYAL HUNT (2007)<\/li>\n<\/ul>\n<p><strong>Books<\/strong><\/p>\n<ul>\n<li>STATIONEN \u2013 DIE TRENDS DER ROCK-EPOCHE<br \/>\n(with Joachim Deicke)<\/li>\n<li>ROCKMUSIKLEXIKON (Zwei B\u00e4nde Europa und zwei B\u00e4nde \u00dcbersee)<br \/>\n(with Christian Graf)<\/li>\n<\/ul>\n<p><\/p>","protected":false},"excerpt":{"rendered":"<p>Discography Agitation Free: MALESCH (1972) Agitation Free: SECOND (1973) Agitation Free: LAST (1974) Agitation Free: FRAGMENTS (1996) Agitation Free: AT THE CLIFFS OF RIVER RHINE (1998) Agitation Free: THE OTHER SIDE OF AGITATION FREE (1999) Agitation Free: RIVER OF RETURN (1999) Bel Ami: BERLIN BEI NACHT (1979) Bel Ami: LIVE (EP) (1980) Bel Ami: GRO\u00dfSTADTMELODIE [&hellip;]<\/p>\n","protected":false},"author":3,"featured_media":0,"parent":37,"menu_order":15,"comment_status":"closed","ping_status":"open","template":"","meta":{"footnotes":""},"class_list":["post-214","page","type-page","status-publish","hentry"],"_links":{"self":[{"href":"https:\/\/agitationfree.com\/en\/wp-json\/wp\/v2\/pages\/214","targetHints":{"allow":["GET"]}}],"collection":[{"href":"https:\/\/agitationfree.com\/en\/wp-json\/wp\/v2\/pages"}],"about":[{"href":"https:\/\/agitationfree.com\/en\/wp-json\/wp\/v2\/types\/page"}],"author":[{"embeddable":true,"href":"https:\/\/agitationfree.com\/en\/wp-json\/wp\/v2\/users\/3"}],"replies":[{"embeddable":true,"href":"https:\/\/agitationfree.com\/en\/wp-json\/wp\/v2\/comments?post=214"}],"version-history":[{"count":9,"href":"https:\/\/agitationfree.com\/en\/wp-json\/wp\/v2\/pages\/214\/revisions"}],"predecessor-version":[{"id":856,"href":"https:\/\/agitationfree.com\/en\/wp-json\/wp\/v2\/pages\/214\/revisions\/856"}],"up":[{"embeddable":true,"href":"https:\/\/agitationfree.com\/en\/wp-json\/wp\/v2\/pages\/37"}],"wp:attachment":[{"href":"https:\/\/agitationfree.com\/en\/wp-json\/wp\/v2\/media?parent=214"}],"curies":[{"name":"wp","href":"https:\/\/api.w.org\/{rel}","templated":true}]}}